{"id":2,"date":"2016-05-10T03:48:21","date_gmt":"2016-05-10T01:48:21","guid":{"rendered":"https:\/\/neu.hausarzt-hard.at\/?page_id=2"},"modified":"2026-04-11T20:19:43","modified_gmt":"2026-04-11T18:19:43","slug":"startseite","status":"publish","type":"page","link":"https:\/\/www.hausarzt-hard.at\/","title":{"rendered":"Startseite"},"content":{"rendered":"\t\t<div data-elementor-type=\"wp-page\" data-elementor-id=\"2\" class=\"elementor elementor-2\">\n\t\t\t\t\t\t\t\t\t<section class=\"elementor-section elementor-top-section elementor-element elementor-element-d4f1edc elementor-section-full_width elementor-section-height-default elementor-section-height-default\" data-id=\"d4f1edc\" data-element_type=\"section\">\n\t\t\t\t\t\t<div class=\"elementor-container elementor-column-gap-default\">\n\t\t\t\t\t<div class=\"elementor-column elementor-col-50 elementor-top-column elementor-element elementor-element-1ed79c7f\" data-id=\"1ed79c7f\" data-element_type=\"column\">\n\t\t\t<div class=\"elementor-widget-wrap elementor-element-populated\">\n\t\t\t\t\t\t\t\t<div class=\"elementor-element elementor-element-3d9d8c1 elementor-widget elementor-widget-heading\" data-id=\"3d9d8c1\" data-element_type=\"widget\" data-widget_type=\"heading.default\">\n\t\t\t\t<div class=\"elementor-widget-container\">\n\t\t\t<style>\/*! elementor - v3.13.3 - 22-05-2023 *\/\n.elementor-heading-title{padding:0;margin:0;line-height:1}.elementor-widget-heading .elementor-heading-title[class*=elementor-size-]>a{color:inherit;font-size:inherit;line-height:inherit}.elementor-widget-heading .elementor-heading-title.elementor-size-small{font-size:15px}.elementor-widget-heading .elementor-heading-title.elementor-size-medium{font-size:19px}.elementor-widget-heading .elementor-heading-title.elementor-size-large{font-size:29px}.elementor-widget-heading .elementor-heading-title.elementor-size-xl{font-size:39px}.elementor-widget-heading .elementor-heading-title.elementor-size-xxl{font-size:59px}<\/style><h2 class=\"elementor-heading-title elementor-size-default\">Mit Herz und Verstand f\u00fcr Ihre Gesundheit<\/h2>\t\t<\/div>\n\t\t\t\t<\/div>\n\t\t\t\t<div class=\"elementor-element elementor-element-91494ba elementor-widget elementor-widget-text-editor\" data-id=\"91494ba\" data-element_type=\"widget\" data-widget_type=\"text-editor.default\">\n\t\t\t\t<div class=\"elementor-widget-container\">\n\t\t\t<style>\/*! elementor - v3.13.3 - 22-05-2023 *\/\n.elementor-widget-text-editor.elementor-drop-cap-view-stacked .elementor-drop-cap{background-color:#69727d;color:#fff}.elementor-widget-text-editor.elementor-drop-cap-view-framed .elementor-drop-cap{color:#69727d;border:3px solid;background-color:transparent}.elementor-widget-text-editor:not(.elementor-drop-cap-view-default) .elementor-drop-cap{margin-top:8px}.elementor-widget-text-editor:not(.elementor-drop-cap-view-default) .elementor-drop-cap-letter{width:1em;height:1em}.elementor-widget-text-editor .elementor-drop-cap{float:left;text-align:center;line-height:1;font-size:50px}.elementor-widget-text-editor .elementor-drop-cap-letter{display:inline-block}<\/style>\t\t\t\t<p>Herzlich willkommen in Ihrer Hausarztpraxis Hard mit internistischem Schwerpunkt.<\/p><p>Mein Ziel ist es, Ihnen eine kompetente und empathische medizinische\u00a0 Begleiterin im Leben und Ihre zentrale Ansprechpartnerin f\u00fcr alle Ihre gesundheitlichen Fragen zu sein. Durch geregelte Abl\u00e4ufe in der Ordination und unser Terminsystem nutzen wir unsere gemeinsame Zeit optimal und fokussieren uns auf die Wiederherstellung und den Erhalt ihrer Gesundheit.<\/p><p><strong>Dr. Martina B\u00fcchele<\/strong><br \/>Fach\u00e4rztin f\u00fcr Allgemeinmedizin<br \/>Fach\u00e4rztin f\u00fcr Innere Medizin<\/p><p>Not\u00e4rztin<\/p><p><span style=\"color: var( --e-global-color-text ); font-family: var( --e-global-typography-text-font-family ), Sans-serif; font-weight: var( --e-global-typography-text-font-weight ); font-size: 1rem;\">\u00d6AK Diplom f\u00fcr Geriatrie und Palliativmedizin<\/span><\/p>\t\t\t\t\t\t<\/div>\n\t\t\t\t<\/div>\n\t\t\t\t<div class=\"elementor-element elementor-element-a47456e elementor-widget elementor-widget-heading\" data-id=\"a47456e\" data-element_type=\"widget\" data-widget_type=\"heading.default\">\n\t\t\t\t<div class=\"elementor-widget-container\">\n\t\t\t<h2 class=\"elementor-heading-title elementor-size-default\">Aktuelle Hinweise<\/h2>\t\t<\/div>\n\t\t\t\t<\/div>\n\t\t\t\t<div class=\"elementor-element elementor-element-2505736 elementor-widget elementor-widget-text-editor\" data-id=\"2505736\" data-element_type=\"widget\" data-widget_type=\"text-editor.default\">\n\t\t\t\t<div class=\"elementor-widget-container\">\n\t\t\t\t\t\t\t<p>Vereinbaren Sie sich bitte pers\u00f6nlich oder telefonisch einen Termin in uns Ordination.<\/p><p>Telefonische Rezeptbestellungen sind zur Entlastung unserer Telefonleitungen nicht mehr m\u00f6glich \u2013 nutzen Sie bitte die M\u00f6glichkeit einer <strong>Onlinerezeptbestellung<\/strong> per Mail\u00a0<strong>unter <\/strong><a href=\"mailto:praxis@hausarzt-hard.at\">praxis@hausarzt-hard.at<\/a><strong>\u00a0oder<\/strong>\u00a0bestellen Sie ihr Rezept\u00a0<strong>pers<\/strong><strong>\u00f6nlich mit ihrer Ecard in der Ordination oder <\/strong>werfen Sie Ihre Bestellung in unseren Postkasten.<\/p><p class=\"Text\"><b><span lang=\"DE\">Einmal im Quartal <\/span><\/b><span lang=\"DE\">muss Ihre Ecard in der Ordination gesteckt werden &#8211; auch bei Onlinerezeptbestellungen. <\/span><span lang=\"DE\">Krankmeldungen werden ausschlie\u00dflich nach pers\u00f6nlicher \u00e4rztlicher Konsultation ausgestellt.<\/span><\/p>\t\t\t\t\t\t<\/div>\n\t\t\t\t<\/div>\n\t\t\t\t<div class=\"elementor-element elementor-element-480cff2 elementor-widget elementor-widget-heading\" data-id=\"480cff2\" data-element_type=\"widget\" data-widget_type=\"heading.default\">\n\t\t\t\t<div class=\"elementor-widget-container\">\n\t\t\t<h2 class=\"elementor-heading-title elementor-size-default\">Notdienste und \u00d6ffnungszeiten<\/h2>\t\t<\/div>\n\t\t\t\t<\/div>\n\t\t\t\t<div class=\"elementor-element elementor-element-d494767 elementor-widget__width-initial elementor-widget elementor-widget-text-editor\" data-id=\"d494767\" data-element_type=\"widget\" data-widget_type=\"text-editor.default\">\n\t\t\t\t<div class=\"elementor-widget-container\">\n\t\t\t\t\t\t\t<p>\u00c4rztliche Notdienste und Apothekenbereitschaftsdienste: <a href=\"https:\/\/www.vol.at\/notdienste\" target=\"_blank\" rel=\"noopener\">https:\/\/www.vol.at\/notdienste<\/a><br \/>Die \u00d6ffnungszeiten von Fach\u00e4rzten (auch Kinder\u00e4rzten) unter: <a href=\"https:\/\/www.medicus-online.at\/aek\/dist\/medicus.html\" target=\"_blank\" rel=\"noopener\">https:\/\/www.medicus-online.at\/aek\/dist\/medicus.html<\/a><\/p><p>Am <strong>12.04.<\/strong><b>2026\u00a0<\/b>haben wir f\u00fcr die Gemeinden<b> Lauterach, Hard, Fu\u00dfach, H\u00f6chst und Gai\u00dfau<\/b> Notdienst. Eine telefonische Voranmeldung ist hier nicht notwendig. Kommen Sie in dringenden Notf\u00e4llen zwischen <b>10-12 Uhr<\/b> und zwischen<b> 16-18 Uhr<\/b> in die Ordination. In dringenden Notf\u00e4llen au\u00dferhalb der \u00d6ffnungszeiten im Notdienst erreichen Sie uns \u00fcber die 141<\/p><p>\u00a0<\/p>\t\t\t\t\t\t<\/div>\n\t\t\t\t<\/div>\n\t\t\t\t<div class=\"elementor-element elementor-element-8174513 elementor-widget elementor-widget-heading\" data-id=\"8174513\" data-element_type=\"widget\" data-widget_type=\"heading.default\">\n\t\t\t\t<div class=\"elementor-widget-container\">\n\t\t\t<h2 class=\"elementor-heading-title elementor-size-default\">\u00d6ffnungszeiten <\/h2>\t\t<\/div>\n\t\t\t\t<\/div>\n\t\t\t\t<div class=\"elementor-element elementor-element-f1df140 elementor-widget elementor-widget-text-editor\" data-id=\"f1df140\" data-element_type=\"widget\" data-widget_type=\"text-editor.default\">\n\t\t\t\t<div class=\"elementor-widget-container\">\n\t\t\t\t\t\t\t<p class=\"Text\">Unsere \u00d6ffnungszeiten sind wie folgt &#8211;&nbsp; wir bitten Sie, sich Termine telefonisch zu vereinbaren:<\/p>\n<p>Montag 8.00-12.00 Uhr 15.30-18.00 Uhr<br>Dienstag 13.00-16.00 Uhr<br>Mittwoch 8.00-12.00 Uhr 14.00-16.30 Uhr<br>Freitag 8.00-12.00 Uhr<\/p>\n<p><b>AUSSCHLIESSLICH nach telefonischer Terminvereinbarung!<\/b><\/p>\t\t\t\t\t\t<\/div>\n\t\t\t\t<\/div>\n\t\t\t\t\t<\/div>\n\t\t<\/div>\n\t\t\t\t<div class=\"elementor-column elementor-col-50 elementor-top-column elementor-element elementor-element-8d394b1\" data-id=\"8d394b1\" data-element_type=\"column\">\n\t\t\t<div class=\"elementor-widget-wrap elementor-element-populated\">\n\t\t\t\t\t\t\t\t<div class=\"elementor-element elementor-element-f31f858 elementor-widget__width-initial elementor-widget elementor-widget-text-editor\" data-id=\"f31f858\" data-element_type=\"widget\" data-widget_type=\"text-editor.default\">\n\t\t\t\t<div class=\"elementor-widget-container\">\n\t\t\t\t\t\t\t<p><strong>KONTAKT<\/strong><\/p>\n<p>Hausarztpraxis Hard<br>Dr. Martina B\u00fcchele<br>Kirchstra\u00dfe 18<br>6971 Hard<\/p>\n<p>Telefonnummer: 05574\/75962<br>Faxnummer: 05574\/75962-5<br>Email: <a href=\"mailto:praxis@hausarzt-hard.at\">praxis@hausarzt-hard.at<\/a><\/p>\n<p>Sie gehen neben der Pizzeria Gusto durch die Stahlt\u00fcre und klingeln an der Hauseingangst\u00fcre beim Arztschild links oben. Die Ordination befindet sich im ersten Stock. Es gibt einen Lift.<\/p>\n<p><strong>UNSERE \u00d6FFNUNGSZEITEN<\/strong><em><strong><br><\/strong><\/em>Montag 8.00-12.00 Uhr 15.30-18.00 Uhr<br>Dienstag 13.00-16.00 Uhr<br>Mittwoch 8.00-12.00 Uhr 14.00-16.30 Uhr<br>Freitag 8.00-12.00 Uhr<\/p>\n<p>AUSSCHLIESSLICH nach telefonischer Terminvereinbarung!<\/p>\n<p><strong>WICHTIGE HINWEISE<br><\/strong>Die Ordination bleibt an folgenden Tagen aufgrund von Fortbildung oder Urlaub geschlossen:<\/p>\n<p>26.5.-29.5.26<\/p><p>01.7.-03.7.26<\/p><p>16.7.-31.7.26<\/p><p>04.9.26<\/p><p>28.9.-16.10.26<\/p><p>06.11.26<\/p><p>16.-20.11.26<\/p>\n<p><\/p>\n<p><\/p>\t\t\t\t\t\t<\/div>\n\t\t\t\t<\/div>\n\t\t\t\t\t<\/div>\n\t\t<\/div>\n\t\t\t\t\t\t\t<\/div>\n\t\t<\/section>\n\t\t\t\t\t\t\t<\/div>\n\t\t","protected":false},"excerpt":{"rendered":"<p>Mit Herz und Verstand f\u00fcr Ihre Gesundheit Herzlich willkommen in Ihrer Hausarztpraxis Hard mit internistischem Schwerpunkt. Mein Ziel ist es, Ihnen eine kompetente und empathische medizinische\u00a0 Begleiterin im Leben und Ihre zentrale Ansprechpartnerin f\u00fcr alle Ihre gesundheitlichen Fragen zu sein. Durch geregelte Abl\u00e4ufe in der Ordination und unser Terminsystem nutzen wir unsere gemeinsame Zeit optimal [&hellip;]<\/p>\n","protected":false},"author":1,"featured_media":0,"parent":0,"menu_order":0,"comment_status":"closed","ping_status":"closed","template":"","meta":[],"_links":{"self":[{"href":"https:\/\/www.hausarzt-hard.at\/index.php?rest_route=\/wp\/v2\/pages\/2"}],"collection":[{"href":"https:\/\/www.hausarzt-hard.at\/index.php?rest_route=\/wp\/v2\/pages"}],"about":[{"href":"https:\/\/www.hausarzt-hard.at\/index.php?rest_route=\/wp\/v2\/types\/page"}],"author":[{"embeddable":true,"href":"https:\/\/www.hausarzt-hard.at\/index.php?rest_route=\/wp\/v2\/users\/1"}],"replies":[{"embeddable":true,"href":"https:\/\/www.hausarzt-hard.at\/index.php?rest_route=%2Fwp%2Fv2%2Fcomments&post=2"}],"version-history":[{"count":188,"href":"https:\/\/www.hausarzt-hard.at\/index.php?rest_route=\/wp\/v2\/pages\/2\/revisions"}],"predecessor-version":[{"id":360,"href":"https:\/\/www.hausarzt-hard.at\/index.php?rest_route=\/wp\/v2\/pages\/2\/revisions\/360"}],"wp:attachment":[{"href":"https:\/\/www.hausarzt-hard.at\/index.php?rest_route=%2Fwp%2Fv2%2Fmedia&parent=2"}],"curies":[{"name":"wp","href":"https:\/\/api.w.org\/{rel}","templated":true}]}}