{"id":20,"date":"2023-04-08T14:22:31","date_gmt":"2023-04-08T12:22:31","guid":{"rendered":"https:\/\/neu.hausarzt-hard.at\/?page_id=20"},"modified":"2023-04-23T10:27:49","modified_gmt":"2023-04-23T08:27:49","slug":"impressum-datenschutz","status":"publish","type":"page","link":"https:\/\/www.hausarzt-hard.at\/?page_id=20","title":{"rendered":"Impressum\/Datenschutz"},"content":{"rendered":"\t\t<div data-elementor-type=\"wp-page\" data-elementor-id=\"20\" class=\"elementor elementor-20\">\n\t\t\t\t\t\t\t\t\t<section class=\"elementor-section elementor-top-section elementor-element elementor-element-87e1c41 elementor-section-full_width elementor-section-height-default elementor-section-height-default\" data-id=\"87e1c41\" data-element_type=\"section\">\n\t\t\t\t\t\t<div class=\"elementor-container elementor-column-gap-no\">\n\t\t\t\t\t<div class=\"elementor-column elementor-col-100 elementor-top-column elementor-element elementor-element-f828739\" data-id=\"f828739\" data-element_type=\"column\">\n\t\t\t<div class=\"elementor-widget-wrap elementor-element-populated\">\n\t\t\t\t\t\t\t\t<div class=\"elementor-element elementor-element-1fc049c elementor-widget elementor-widget-heading\" data-id=\"1fc049c\" data-element_type=\"widget\" data-widget_type=\"heading.default\">\n\t\t\t\t<div class=\"elementor-widget-container\">\n\t\t\t<style>\/*! elementor - v3.13.3 - 22-05-2023 *\/\n.elementor-heading-title{padding:0;margin:0;line-height:1}.elementor-widget-heading .elementor-heading-title[class*=elementor-size-]>a{color:inherit;font-size:inherit;line-height:inherit}.elementor-widget-heading .elementor-heading-title.elementor-size-small{font-size:15px}.elementor-widget-heading .elementor-heading-title.elementor-size-medium{font-size:19px}.elementor-widget-heading .elementor-heading-title.elementor-size-large{font-size:29px}.elementor-widget-heading .elementor-heading-title.elementor-size-xl{font-size:39px}.elementor-widget-heading .elementor-heading-title.elementor-size-xxl{font-size:59px}<\/style><h2 class=\"elementor-heading-title elementor-size-default\">Informationen lt. E-Commerce-Gesetz (ECG)<\/h2>\t\t<\/div>\n\t\t\t\t<\/div>\n\t\t\t\t<div class=\"elementor-element elementor-element-bec3ac7 elementor-widget elementor-widget-text-editor\" data-id=\"bec3ac7\" data-element_type=\"widget\" data-widget_type=\"text-editor.default\">\n\t\t\t\t<div class=\"elementor-widget-container\">\n\t\t\t<style>\/*! elementor - v3.13.3 - 22-05-2023 *\/\n.elementor-widget-text-editor.elementor-drop-cap-view-stacked .elementor-drop-cap{background-color:#69727d;color:#fff}.elementor-widget-text-editor.elementor-drop-cap-view-framed .elementor-drop-cap{color:#69727d;border:3px solid;background-color:transparent}.elementor-widget-text-editor:not(.elementor-drop-cap-view-default) .elementor-drop-cap{margin-top:8px}.elementor-widget-text-editor:not(.elementor-drop-cap-view-default) .elementor-drop-cap-letter{width:1em;height:1em}.elementor-widget-text-editor .elementor-drop-cap{float:left;text-align:center;line-height:1;font-size:50px}.elementor-widget-text-editor .elementor-drop-cap-letter{display:inline-block}<\/style>\t\t\t\t<section><div><p>F\u00fcr den Inhalt verantwortlich:<\/p><\/div><\/section><p><strong>Dr. Martina B\u00fcchele<\/strong><br \/>Kirchstra\u00dfe 18<br \/>6971 Hard<\/p><p>Telefonnummer: 05574\/75962<br \/>Faxnummer: 05574\/75962-5<br \/>Email:\u00a0<a style=\"background-color: #ffffff;\" href=\"mailto:praxis@hausarzt-hard.at\">praxis@hausarzt-hard.at<\/a><\/p><p>Die Berufsbezeichnung Arzt wurde der oben genannten Person in \u00d6sterreich durch die Medizinische Universit\u00e4t WIen\u00a0verliehen.<br \/>Die zust\u00e4ndige Aufsichtsbeh\u00f6rde ist die\u00a0<a href=\"http:\/\/www.aekvbg.or.at\/\" target=\"_blank\" rel=\"noopener\">Landes\u00e4rztekammer f\u00fcr Vorarlberg<\/a>.<br \/>Die Berufsordnung der zust\u00e4ndigen Aufsichtsbeh\u00f6rde finden sie auf der Webseite der\u00a0<a href=\"http:\/\/www.aerztekammer.at\/\" target=\"_blank\" rel=\"noopener\">\u00d6sterreichischen \u00c4rztekammer<\/a>.<\/p><p>Programmierung: Christoph Moosbrugger<\/p>\t\t\t\t\t\t<\/div>\n\t\t\t\t<\/div>\n\t\t\t\t<div class=\"elementor-element elementor-element-c0107b1 elementor-widget elementor-widget-heading\" data-id=\"c0107b1\" data-element_type=\"widget\" data-widget_type=\"heading.default\">\n\t\t\t\t<div class=\"elementor-widget-container\">\n\t\t\t<h2 class=\"elementor-heading-title elementor-size-default\">HAFTUNGSAUSSCHLUSS (DISCLAIMER)<\/h2>\t\t<\/div>\n\t\t\t\t<\/div>\n\t\t\t\t<div class=\"elementor-element elementor-element-e2a55b5 elementor-widget elementor-widget-heading\" data-id=\"e2a55b5\" data-element_type=\"widget\" data-widget_type=\"heading.default\">\n\t\t\t\t<div class=\"elementor-widget-container\">\n\t\t\t<h3 class=\"elementor-heading-title elementor-size-default\">Haftung f\u00fcr Inhalte<\/h3>\t\t<\/div>\n\t\t\t\t<\/div>\n\t\t\t\t<div class=\"elementor-element elementor-element-3c67769 elementor-widget elementor-widget-text-editor\" data-id=\"3c67769\" data-element_type=\"widget\" data-widget_type=\"text-editor.default\">\n\t\t\t\t<div class=\"elementor-widget-container\">\n\t\t\t\t\t\t\t<p>Als Diensteanbieter sind wir gem\u00e4\u00df \u00a7 7 Abs.1 TMG f\u00fcr eigene Inhalte auf diesen Seiten nach den allgemeinen Gesetzen verantwortlich. Nach \u00a7\u00a7 8 bis 10 TMG sind wir als Diensteanbieter jedoch nicht verpflichtet, \u00fcbermittelte oder gespeicherte fremde Informationen zu \u00fcberwachen oder nach Umst\u00e4nden zu forschen, die auf eine rechtswidrige T\u00e4tigkeit hinweisen. Verpflichtungen zur Entfernung oder Sperrung der Nutzung von Informationen nach den allgemeinen Gesetzen bleiben hiervon unber\u00fchrt. Eine diesbez\u00fcgliche Haftung ist jedoch erst ab dem Zeitpunkt der Kenntnis einer konkreten Rechtsverletzung m\u00f6glich. Bei Bekanntwerden von entsprechenden Rechtsverletzungen werden wir diese Inhalte umgehend entfernen.<\/p>\t\t\t\t\t\t<\/div>\n\t\t\t\t<\/div>\n\t\t\t\t<div class=\"elementor-element elementor-element-fcfe814 elementor-widget elementor-widget-heading\" data-id=\"fcfe814\" data-element_type=\"widget\" data-widget_type=\"heading.default\">\n\t\t\t\t<div class=\"elementor-widget-container\">\n\t\t\t<h3 class=\"elementor-heading-title elementor-size-default\">Haftung f\u00fcr Links<\/h3>\t\t<\/div>\n\t\t\t\t<\/div>\n\t\t\t\t<div class=\"elementor-element elementor-element-896a849 elementor-widget elementor-widget-text-editor\" data-id=\"896a849\" data-element_type=\"widget\" data-widget_type=\"text-editor.default\">\n\t\t\t\t<div class=\"elementor-widget-container\">\n\t\t\t\t\t\t\t<p>Unser Angebot enth\u00e4lt Links zu externen Webseiten Dritter, auf deren Inhalte wir keinen Einfluss haben. Deshalb k\u00f6nnen wir f\u00fcr diese fremden Inhalte auch keine Gew\u00e4hr \u00fcbernehmen. F\u00fcr die Inhalte der verlinkten Seiten ist stets der jeweilige Anbieter oder Betreiber der Seiten verantwortlich. Die verlinkten Seiten wurden zum Zeitpunkt der Verlinkung auf m\u00f6gliche Rechtsverst\u00f6\u00dfe \u00fcberpr\u00fcft. Rechtswidrige Inhalte waren zum Zeitpunkt der Verlinkung nicht erkennbar. Eine permanente inhaltliche Kontrolle der verlinkten Seiten ist jedoch ohne konkrete Anhaltspunkte einer Rechtsverletzung nicht zumutbar. Bei Bekanntwerden von Rechtsverletzungen werden wir derartige Links umgehend entfernen.<\/p>\t\t\t\t\t\t<\/div>\n\t\t\t\t<\/div>\n\t\t\t\t<div class=\"elementor-element elementor-element-9ea7b24 elementor-widget elementor-widget-heading\" data-id=\"9ea7b24\" data-element_type=\"widget\" data-widget_type=\"heading.default\">\n\t\t\t\t<div class=\"elementor-widget-container\">\n\t\t\t<h3 class=\"elementor-heading-title elementor-size-default\">Urheberrecht<\/h3>\t\t<\/div>\n\t\t\t\t<\/div>\n\t\t\t\t<div class=\"elementor-element elementor-element-7e29355 elementor-widget elementor-widget-text-editor\" data-id=\"7e29355\" data-element_type=\"widget\" data-widget_type=\"text-editor.default\">\n\t\t\t\t<div class=\"elementor-widget-container\">\n\t\t\t\t\t\t\t<p>Die durch die Seitenbetreiber erstellten Inhalte und Werke auf diesen Seiten unterliegen dem deutschen Urheberrecht. Die Vervielf\u00e4ltigung, Bearbeitung, Verbreitung und jede Art der Verwertung au\u00dferhalb der Grenzen des Urheberrechtes bed\u00fcrfen der schriftlichen Zustimmung des jeweiligen Autors bzw. Erstellers. Downloads und Kopien dieser Seite sind nur f\u00fcr den privaten, nicht kommerziellen Gebrauch gestattet. Soweit die Inhalte auf dieser Seite nicht vom Betreiber erstellt wurden, werden die Urheberrechte Dritter beachtet. Insbesondere werden Inhalte Dritter als solche gekennzeichnet. Sollten Sie trotzdem auf eine Urheberrechtsverletzung aufmerksam werden, bitten wir um einen entsprechenden Hinweis. Bei Bekanntwerden von Rechtsverletzungen werden wir derartige Inhalte umgehend entfernen.<\/p>\t\t\t\t\t\t<\/div>\n\t\t\t\t<\/div>\n\t\t\t\t<div class=\"elementor-element elementor-element-6cf9d90 elementor-widget elementor-widget-heading\" data-id=\"6cf9d90\" data-element_type=\"widget\" data-widget_type=\"heading.default\">\n\t\t\t\t<div class=\"elementor-widget-container\">\n\t\t\t<h2 class=\"elementor-heading-title elementor-size-default\">DATENSCHUTZERKL\u00c4RUNG<\/h2>\t\t<\/div>\n\t\t\t\t<\/div>\n\t\t\t\t<div class=\"elementor-element elementor-element-a8083f6 elementor-widget elementor-widget-text-editor\" data-id=\"a8083f6\" data-element_type=\"widget\" data-widget_type=\"text-editor.default\">\n\t\t\t\t<div class=\"elementor-widget-container\">\n\t\t\t\t\t\t\t<p>Die Nutzung unserer Webseite ist in der Regel ohne Angabe personenbezogener Daten m\u00f6glich. Soweit auf unseren Seiten personenbezogene Daten (beispielsweise Name, Anschrift oder eMail-Adressen) erhoben werden, erfolgt dies, soweit m\u00f6glich, stets auf freiwilliger Basis. Diese Daten werden ohne Ihre ausdr\u00fcckliche Zustimmung nicht an Dritte weitergegeben.<\/p><p>Wir weisen darauf hin, dass die Daten\u00fcbertragung im Internet (z.B. bei der Kommunikation per E-Mail) Sicherheitsl\u00fccken aufweisen kann. Ein l\u00fcckenloser Schutz der Daten vor dem Zugriff durch Dritte ist nicht m\u00f6glich.<\/p><p>Der Nutzung von im Rahmen der Impressumspflicht ver\u00f6ffentlichten Kontaktdaten durch Dritte zur \u00dcbersendung von nicht ausdr\u00fccklich angeforderter Werbung und Informationsmaterialien wird hiermit ausdr\u00fccklich widersprochen. Die Betreiber der Seiten behalten sich ausdr\u00fccklich rechtliche Schritte im Falle der unverlangten Zusendung von Werbeinformationen, etwa durch Spam-Mails, vor.<\/p>\t\t\t\t\t\t<\/div>\n\t\t\t\t<\/div>\n\t\t\t\t<div class=\"elementor-element elementor-element-dde94ad elementor-widget elementor-widget-heading\" data-id=\"dde94ad\" data-element_type=\"widget\" data-widget_type=\"heading.default\">\n\t\t\t\t<div class=\"elementor-widget-container\">\n\t\t\t<h3 class=\"elementor-heading-title elementor-size-default\">Patienteninformation gem\u00e4\u00df Artikel 13 DSGVO<\/h3>\t\t<\/div>\n\t\t\t\t<\/div>\n\t\t\t\t<div class=\"elementor-element elementor-element-b17f06e elementor-widget elementor-widget-text-editor\" data-id=\"b17f06e\" data-element_type=\"widget\" data-widget_type=\"text-editor.default\">\n\t\t\t\t<div class=\"elementor-widget-container\">\n\t\t\t\t\t\t\t<p>In der&nbsp;<strong>Ordination von Dr. Martina B\u00fcchele <\/strong>werden personenbezogene Daten aller Patienten erhoben. Von allen Patienten werden Name, Anschrift, Geburtsdatum, Telefonnummer, Sozialversicherungsnummer EDV-m\u00e4\u00dfig erfasst. Ferner wird die Krankengeschichte dokumentiert.&nbsp;<strong>Verantwortlicher iSd DSGVO ist Dr. Martina B\u00fcchele.<\/strong><\/p>\n<p>Rechtsgrundlage der Datenverarbeitung bildet \u00a7 51 Abs. 1 \u00c4rzteG, wonach jeder Arzt verpflichtet ist, Aufzeichnungen \u00fcber jede zur Beratung und Behandlung \u00fcbernommene Person, insbesondere \u00fcber den Zustand der Person bei \u00dcbernahme der Behandlung, die Vorgeschichte einer Erkrankung, Diagnose, den Krankheitsverlauf, sowie \u00fcber Art und Umfang der beratenden, diagnostischen oder therapeutischen Leistungen einschlie\u00dflich der Anwendung von Arzneispezialit\u00e4ten erforderlichen Daten zu f\u00fchren. Entsprechend der gesetzlichen Dokumentationspflicht werden daher zu jedem Arztbesuch folgende Umst\u00e4nde dokumentiert:<\/p>\n<ul>\n<li>Zustand der Patienten bei der \u00dcbernahme der Beratung oder Behandlung<\/li>\n<li>Vorgeschichte einer Erkrankung<\/li>\n<li>Diagnose<\/li>\n<li>Krankheitsverlauf<\/li>\n<li>Art und Umfang der beratenden, diagnostischen oder therapeutischen Leistungen<\/li>\n<li>Anwendung von Arzneispezialit\u00e4ten<\/li>\n<\/ul>\n<div><br><\/div>\n<p>Die Dokumentation erfolgt elektronisch in der elektronischen Patientenakte.<\/p>\n<p>Die personenbezogenen Daten werden von Dr. Martina B\u00fcchele an die Krankenversicherung des Patienten zum Zwecke der Abrechnung weitergeleitet. Die Daten werden von Dr. Martina B\u00fcchele auch in die elektronische Gesundheitsakte (ELGA), ein Informationssystem, auf welches \u00c4rzte, Krankenanstalten und Apotheken Zugriff haben, gespeichert. Ein entsprechender Widerspruch gegen die \u00dcbertragung der Daten in das ELGA System w\u00e4re gegen\u00fcber dem Hauptverband der \u00f6sterreichischen Sozialversicherungstr\u00e4ger zu erkl\u00e4ren.<\/p>\n<p>Dr. Martina B\u00fcchele speichern die von ihm erhobenen personenbezogenen Daten zumindest f\u00fcr 30 Jahre. Kriterium f\u00fcr die Festlegung dieser Dauer ist der Umstand, dass die Dokumentationspflicht des Arztes eine Nebenverpflichtung aus dem Behandlungsvertrag darstellt. Im Hinblick auf die 30-j\u00e4hrige Verj\u00e4hrungsfrist des \u00a7 1489 ABGB (letzter Satz) ist daher auch angezeigt, dass die Behandlungsunterlagen zumindest f\u00fcr 30 Jahre aufbewahrt werden.<\/p>\n<p>Jeder Patient hat das Recht, von Dr. Martina B\u00fcchele Auskunft \u00fcber die betreffenden personenbezogenen Daten zu verlangen. Ferner besteht das Recht auf Berichtigung oder L\u00f6schung unrichtiger Daten oder auf Einschr\u00e4nkung der Verarbeitung sowie ein Widerspruchsrecht gegen die Verarbeitung sowie des Rechts auf Daten\u00fcbertragbarkeit.<\/p>\n<p>Zu Gunsten eines jeden Patienten besteht auch ein Beschwerderecht gegen die Erfassung von personenbezogenen Daten bei der Aufsichtsbeh\u00f6rde (Datenschutzbeh\u00f6rde).<\/p>\n<p>Es wird darauf hingewiesen, dass Dr. Martina B\u00fcchele gesetzlich verpflichtet ist, personenbezogene Daten zu verarbeiten (\u00a7 51 \u00c4rzteG).<\/p>\t\t\t\t\t\t<\/div>\n\t\t\t\t<\/div>\n\t\t\t\t\t<\/div>\n\t\t<\/div>\n\t\t\t\t\t\t\t<\/div>\n\t\t<\/section>\n\t\t\t\t\t\t\t<\/div>\n\t\t","protected":false},"excerpt":{"rendered":"<p>Informationen lt. E-Commerce-Gesetz (ECG) F\u00fcr den Inhalt verantwortlich: Dr. Martina B\u00fccheleKirchstra\u00dfe 186971 Hard Telefonnummer: 05574\/75962Faxnummer: 05574\/75962-5Email:\u00a0praxis@hausarzt-hard.at Die Berufsbezeichnung Arzt wurde der oben genannten Person in \u00d6sterreich durch die Medizinische Universit\u00e4t WIen\u00a0verliehen.Die zust\u00e4ndige Aufsichtsbeh\u00f6rde ist die\u00a0Landes\u00e4rztekammer f\u00fcr Vorarlberg.Die Berufsordnung der zust\u00e4ndigen Aufsichtsbeh\u00f6rde finden sie auf der Webseite der\u00a0\u00d6sterreichischen \u00c4rztekammer. Programmierung: Christoph Moosbrugger HAFTUNGSAUSSCHLUSS (DISCLAIMER) Haftung f\u00fcr [&hellip;]<\/p>\n","protected":false},"author":1,"featured_media":0,"parent":0,"menu_order":0,"comment_status":"closed","ping_status":"closed","template":"","meta":[],"_links":{"self":[{"href":"https:\/\/www.hausarzt-hard.at\/index.php?rest_route=\/wp\/v2\/pages\/20"}],"collection":[{"href":"https:\/\/www.hausarzt-hard.at\/index.php?rest_route=\/wp\/v2\/pages"}],"about":[{"href":"https:\/\/www.hausarzt-hard.at\/index.php?rest_route=\/wp\/v2\/types\/page"}],"author":[{"embeddable":true,"href":"https:\/\/www.hausarzt-hard.at\/index.php?rest_route=\/wp\/v2\/users\/1"}],"replies":[{"embeddable":true,"href":"https:\/\/www.hausarzt-hard.at\/index.php?rest_route=%2Fwp%2Fv2%2Fcomments&post=20"}],"version-history":[{"count":11,"href":"https:\/\/www.hausarzt-hard.at\/index.php?rest_route=\/wp\/v2\/pages\/20\/revisions"}],"predecessor-version":[{"id":196,"href":"https:\/\/www.hausarzt-hard.at\/index.php?rest_route=\/wp\/v2\/pages\/20\/revisions\/196"}],"wp:attachment":[{"href":"https:\/\/www.hausarzt-hard.at\/index.php?rest_route=%2Fwp%2Fv2%2Fmedia&parent=20"}],"curies":[{"name":"wp","href":"https:\/\/api.w.org\/{rel}","templated":true}]}}